{"id":4131,"date":"2020-04-20T11:20:38","date_gmt":"2020-04-20T09:20:38","guid":{"rendered":"https:\/\/www.elbaman.it\/elbaman-team\/"},"modified":"2025-12-10T08:43:10","modified_gmt":"2025-12-10T07:43:10","slug":"elbaman-team","status":"publish","type":"page","link":"https:\/\/www.elbaman.it\/en\/elbaman-team\/","title":{"rendered":"Elbaman Team"},"content":{"rendered":"\t\t<div data-elementor-type=\"wp-page\" data-elementor-id=\"4131\" class=\"elementor elementor-4131 elementor-3560\">\n\t\t\t\t\t\t<section class=\"elementor-section elementor-top-section elementor-element elementor-element-1eff6e7d elementor-section-boxed elementor-section-height-default elementor-section-height-default\" data-id=\"1eff6e7d\" data-element_type=\"section\">\n\t\t\t\t\t\t<div class=\"elementor-container elementor-column-gap-extended\">\n\t\t\t\t\t<div class=\"elementor-column elementor-col-100 elementor-top-column elementor-element elementor-element-3e6fe84d sc_layouts_column_icons_position_left\" data-id=\"3e6fe84d\" data-element_type=\"column\">\n\t\t\t<div class=\"elementor-widget-wrap elementor-element-populated\">\n\t\t\t\t\t\t<div class=\"elementor-element elementor-element-2327c514 elementor-widget elementor-widget-spacer\" data-id=\"2327c514\" data-element_type=\"widget\" data-widget_type=\"spacer.default\">\n\t\t\t\t<div class=\"elementor-widget-container\">\n\t\t\t\t\t\t\t<div class=\"elementor-spacer\">\n\t\t\t<div class=\"elementor-spacer-inner\"><\/div>\n\t\t<\/div>\n\t\t\t\t\t\t<\/div>\n\t\t\t\t<\/div>\n\t\t\t\t\t<\/div>\n\t\t<\/div>\n\t\t\t\t\t<\/div>\n\t\t<\/section>\n\t\t\t\t<section class=\"elementor-section elementor-top-section elementor-element elementor-element-e1a2ae4 elementor-section-boxed elementor-section-height-default elementor-section-height-default\" data-id=\"e1a2ae4\" data-element_type=\"section\">\n\t\t\t\t\t\t<div class=\"elementor-container elementor-column-gap-extended\">\n\t\t\t\t\t<div class=\"elementor-column elementor-col-100 elementor-top-column elementor-element elementor-element-2d815276 sc_layouts_column_icons_position_left\" data-id=\"2d815276\" data-element_type=\"column\">\n\t\t\t<div class=\"elementor-widget-wrap elementor-element-populated\">\n\t\t\t\t\t\t<div class=\"elementor-element elementor-element-425a1cf5 elementor-widget elementor-widget-text-editor\" data-id=\"425a1cf5\" data-element_type=\"widget\" data-widget_type=\"text-editor.default\">\n\t\t\t\t<div class=\"elementor-widget-container\">\n\t\t\t\t\t\t\t\t\t<h5>ELBAMAN TEAM<\/h5>\t\t\t\t\t\t\t\t<\/div>\n\t\t\t\t<\/div>\n\t\t\t\t<div class=\"elementor-element elementor-element-1cae30ae elementor-widget elementor-widget-text-editor\" data-id=\"1cae30ae\" data-element_type=\"widget\" data-widget_type=\"text-editor.default\">\n\t\t\t\t<div class=\"elementor-widget-container\">\n\t\t\t\t\t\t\t\t\t<p><span style=\"font-family: Roboto, sans-serif; font-size: 14.3px; font-weight: 400; font-style: normal; letter-spacing: 0.42px;\">Ebaman Team ssdrl \u00e8 una societ\u00e0 affiliata alla F.I.Tri. (Codice societ\u00e4 2354)<\/span><\/p><p style=\"font-family: Roboto, sans-serif; font-size: 14.3px; line-height: 1.69em; font-weight: 400; font-style: normal; letter-spacing: 0.42px;\">La societ\u00e0 puo&#8217; rilasciare un tesseramento annuale alla F.I.Tri. per atleti agonisti per le categorie dalla F.I.Tri. stessa riconosciute. Et\u00e0 minima 6 anni (compiuti).<\/p><p><span style=\"font-family: Roboto, sans-serif; font-size: 14.3px; font-weight: 400; font-style: normal; letter-spacing: 0.42px;\"><br \/><u>Per poter richiedere il tesseramento \u00e8 necessario inviare via email a team AT elbaman PUNTO it:<\/u><\/span><\/p><ul><li style=\"font-family: Roboto, sans-serif; font-size: 14.3px; line-height: 1.69em; font-weight: 400; font-style: normal; letter-spacing: 0.42px;\">domanda di tesseramento debitamente compilata<\/li><li style=\"font-family: Roboto, sans-serif; font-size: 14.3px; line-height: 1.69em; font-weight: 400; font-style: normal; letter-spacing: 0.42px;\"><span style=\"font-size: 14.3px; letter-spacing: 0.42px;\">copia (cartacea o digitale) del certificato medico sportivo (sport TRIATHLON) in corso di validit\u00e0 corredata della dichiarazione di copia conforme all&#8217;originale.<\/span><\/li><li style=\"font-family: Roboto, sans-serif; font-size: 14.3px; line-height: 1.69em; font-weight: 400; font-style: normal; letter-spacing: 0.42px;\">copia dell&#8217;avvenuto pagamento della quota (vedi tabella) al conto bancario seguente<\/li><\/ul><p>Elbaman Team ssdrl<br \/>Banca dell\u2019Elba<br \/>Succursale Campo nell&#8217;Elba<br \/>IBAN IT71D0704870650000000021229<br \/>SWIFT\/BIC ICRAITRRT40<\/p><p><b>Download utili:<\/b><\/p><p style=\"font-family: Roboto, sans-serif; font-size: 14.3px; line-height: 1.69em; font-weight: 400; font-style: normal; letter-spacing: 0.42px;\"><a href=\"https:\/\/www.elbaman.it\/wp-content\/uploads\/visita_medica_generica.pdf\" target=\"_blank\" rel=\"noopener\">&gt;&gt; Richiesta visita medico sportiva<\/a><\/p><p><a href=\"https:\/\/www.elbaman.it\/wp-content\/uploads\/domanda_tesseramento_ETssdrl.pdf\" target=\"_blank\" rel=\"noopener\">&gt;&gt; Domanda di tesseramento<\/a><\/p><p><a href=\"https:\/\/www.elbaman.it\/wp-content\/uploads\/dichiarazione_copia_conforme_cert_medico.pdf\" target=\"_blank\" rel=\"noopener\">&gt;&gt; Dichiarazione copia confrome certificato medico<\/a><\/p><p>Per ulteriori informazioni inviare email o richiesta dal form della pagina Contatti<br \/>Tabella quote di tesseramento 2026<\/p>\t\t\t\t\t\t\t\t<\/div>\n\t\t\t\t<\/div>\n\t\t\t\t<div class=\"elementor-element elementor-element-4e5e551 elementor-widget elementor-widget-text-editor\" data-id=\"4e5e551\" data-element_type=\"widget\" data-widget_type=\"text-editor.default\">\n\t\t\t\t<div class=\"elementor-widget-container\">\n\t\t\t\t\t\t\t\t\t<table style=\"width: 60%;\">\n<thead>\n<tr>\n<th>Categoria<\/th>\n<td style=\"background-color: #fff;\"><\/td>\n<th>Et\u00e0<\/th>\n<th>Tesseramento 2026<\/th>\n<\/tr>\n<\/thead>\n<tbody>\n<tr>\n<td>Minicuccioli<\/td>\n<td style=\"background-color: #fff;\"><\/td>\n<td>6-7<\/td>\n<td>Gratis<\/td>\n<\/tr>\n<tr>\n<td>Cuccioli<\/td>\n<td style=\"background-color: #fff;\"><\/td>\n<td>8-9<\/td>\n<td>Gratis<\/td>\n<\/tr>\n<tr>\n<td>Esordienti<\/td>\n<td style=\"background-color: #fff;\"><\/td>\n<td>10-11<\/td>\n<td>Gratis<\/td>\n<\/tr>\n<tr>\n<td>Ragazzi<\/td>\n<td style=\"background-color: #fff;\"><\/td>\n<td>12-13<\/td>\n<td>10 \u20ac<\/td>\n<\/tr>\n<tr>\n<td>Youth A<\/td>\n<td style=\"background-color: #fff;\"><\/td>\n<td>14-15<\/td>\n<td>10 \u20ac<\/td>\n<\/tr>\n<tr>\n<td>Youth B<\/td>\n<td style=\"background-color: #fff;\"><\/td>\n<td>16-17<\/td>\n<td>10 \u20ac<\/td>\n<\/tr>\n<\/tr>\n<td>S1<\/td>\n<td style=\"background-color: #fff;\"><\/td>\n<td>20-24<\/td>\n<td>60 \u20ac<\/td>\n<\/tr>\n<tr>\n<td>S2-S4<\/td>\n<td style=\"background-color: #fff;\"><\/td>\n<td>25-39<\/td>\n<td>80 \u20ac<\/td>\n<\/tr>\n<tr>\n<td>M1-M&#8230;<\/td>\n<td style=\"background-color: #fff;\"><\/td>\n<td>40-&#8230;<\/td>\n<td>80 \u20ac<\/td>\n<\/tr>\n<tr>\n<td>ParaTri<\/td>\n<td style=\"background-color: #fff;\"><\/td>\n<td>Tutte<\/td>\n<td>Gratis<\/td>\n<\/tr>\n<\/tbody>\n<\/table>\t\t\t\t\t\t\t\t<\/div>\n\t\t\t\t<\/div>\n\t\t\t\t<div class=\"elementor-element elementor-element-293ce30 elementor-widget-divider--view-line elementor-widget elementor-widget-divider\" data-id=\"293ce30\" data-element_type=\"widget\" data-widget_type=\"divider.default\">\n\t\t\t\t<div class=\"elementor-widget-container\">\n\t\t\t\t\t\t\t<div class=\"elementor-divider\">\n\t\t\t<span class=\"elementor-divider-separator\">\n\t\t\t\t\t\t<\/span>\n\t\t<\/div>\n\t\t\t\t\t\t<\/div>\n\t\t\t\t<\/div>\n\t\t\t\t<div class=\"elementor-element elementor-element-850352a elementor-widget elementor-widget-text-editor\" data-id=\"850352a\" data-element_type=\"widget\" data-widget_type=\"text-editor.default\">\n\t\t\t\t<div class=\"elementor-widget-container\">\n\t\t\t\t\t\t\t\t\t<p><span style=\"font-family: Roboto, sans-serif; font-size: 14.3px; font-weight: 400; font-style: normal; letter-spacing: 0.42px;\"><strong>Abbigliamento societario<\/strong><\/span><br \/><span style=\"font-size: 14.3px; letter-spacing: 0.42px;\">Non vi \u00e8 alcun obbligo di acquisto del body da gara societario e\/o di altro abbigliamento<\/span><\/p><p><span style=\"font-size: 14.3px; letter-spacing: 0.42px;\">Qualora si sia interessati all&#8217;acquisto del body, contattare direttamente la societ\u00e0.<\/span><\/p><p><span style=\"font-size: 14.3px; letter-spacing: 0.42px;\">Il body (grafiche rinnovate nel 2024) ha le grafiche sotto riportate ed \u00e8 prodotto da Ale&#8217; Cycling<\/span><\/p><p>Il body viene girato ai soci a prezzo di costo, ed il prezzo varia a seconda del n. di pezzi ordinati. Non abbiamo scorte a magazzino (salvo rari casi).<\/p><p>\u00a0<\/p>\t\t\t\t\t\t\t\t<\/div>\n\t\t\t\t<\/div>\n\t\t\t\t<div class=\"elementor-element elementor-element-efc212a elementor-widget elementor-widget-image\" data-id=\"efc212a\" data-element_type=\"widget\" data-widget_type=\"image.default\">\n\t\t\t\t<div class=\"elementor-widget-container\">\n\t\t\t\t\t\t\t\t\t\t\t\t\t\t\t<img fetchpriority=\"high\" decoding=\"async\" width=\"768\" height=\"358\" src=\"https:\/\/www.elbaman.it\/wp-content\/uploads\/Body_ElbamanTeam_2024-768x358.jpg\" class=\"attachment-medium_large size-medium_large wp-image-9405\" alt=\"\" srcset=\"https:\/\/www.elbaman.it\/wp-content\/uploads\/Body_ElbamanTeam_2024-768x358.jpg 768w, https:\/\/www.elbaman.it\/wp-content\/uploads\/Body_ElbamanTeam_2024-300x140.jpg 300w, https:\/\/www.elbaman.it\/wp-content\/uploads\/Body_ElbamanTeam_2024-370x173.jpg 370w, https:\/\/www.elbaman.it\/wp-content\/uploads\/Body_ElbamanTeam_2024-745x348.jpg 745w, https:\/\/www.elbaman.it\/wp-content\/uploads\/Body_ElbamanTeam_2024-365x170.jpg 365w, https:\/\/www.elbaman.it\/wp-content\/uploads\/Body_ElbamanTeam_2024-740x345.jpg 740w, https:\/\/www.elbaman.it\/wp-content\/uploads\/Body_ElbamanTeam_2024.jpg 917w\" sizes=\"(max-width: 768px) 100vw, 768px\" \/>\t\t\t\t\t\t\t\t\t\t\t\t\t\t\t<\/div>\n\t\t\t\t<\/div>\n\t\t\t\t<div class=\"elementor-element elementor-element-39426c7 elementor-widget-divider--view-line elementor-widget elementor-widget-divider\" data-id=\"39426c7\" data-element_type=\"widget\" data-widget_type=\"divider.default\">\n\t\t\t\t<div class=\"elementor-widget-container\">\n\t\t\t\t\t\t\t<div class=\"elementor-divider\">\n\t\t\t<span class=\"elementor-divider-separator\">\n\t\t\t\t\t\t<\/span>\n\t\t<\/div>\n\t\t\t\t\t\t<\/div>\n\t\t\t\t<\/div>\n\t\t\t\t<div class=\"elementor-element elementor-element-0b5ed4c elementor-widget elementor-widget-text-editor\" data-id=\"0b5ed4c\" data-element_type=\"widget\" data-widget_type=\"text-editor.default\">\n\t\t\t\t<div class=\"elementor-widget-container\">\n\t\t\t\t\t\t\t\t\t<p>Contributi pubblici<\/p>\n<p>2022 &#8211;&nbsp;<span style=\"font-size: 14.3px; letter-spacing: 0.42px;\">Entit\u00e0: 25.000 \u20ac &#8211; Ente erogatore: Comune di Campo nell&#8217;Elba &#8211; Motivo: Copertura costi evento Elbaman Triathlon 2022<\/span><\/p>\n<p><span style=\"font-family: Roboto, sans-serif; font-size: 14.3px; font-style: normal; font-weight: 400; letter-spacing: 0.42px;\">2023 &#8211;&nbsp;<\/span><span style=\"font-family: Roboto, sans-serif; font-size: 14.3px; font-weight: 400; font-style: normal; margin-bottom: 0px; margin-top: 0px; letter-spacing: 0.42px;\">Entit\u00e0: 25.000 \u20ac &#8211; Ente erogatore: Comune di Campo nell&#8217;Elba &#8211; Motivo: Copertura costi&nbsp;<\/span><span style=\"font-family: Roboto, sans-serif; font-size: 14.3px; font-style: normal; font-weight: 400; letter-spacing: 0.42px;\">evento<\/span><span style=\"font-family: Roboto, sans-serif; font-size: 14.3px; font-style: normal; font-weight: 400; letter-spacing: 0.42px;\">&nbsp;<\/span><span style=\"font-family: Roboto, sans-serif; font-size: 14.3px; font-style: normal; font-weight: 400; letter-spacing: 0.42px;\">Elbaman Triathlon 2023<\/span><\/p><p><span style=\"font-family: Roboto, sans-serif; font-size: 14.3px; font-weight: 400; font-style: normal; margin-bottom: 0px; margin-top: 0px; letter-spacing: 0.42px;\"><span style=\"font-family: Roboto, sans-serif; font-size: 14.3px; font-weight: 400; font-style: normal; letter-spacing: 0.42px;\">2024 &#8211;&nbsp;<\/span><span style=\"font-family: Roboto, sans-serif; font-size: 14.3px; font-weight: 400; font-style: normal; letter-spacing: 0.42px; margin-bottom: 0px; margin-top: 0px;\">Entit\u00e0: 25.000 \u20ac &#8211; Ente erogatore: Comune di Campo nell&#8217;Elba &#8211; Motivo: Copertura costi&nbsp;<\/span><\/span><span style=\"font-family: Roboto, sans-serif; font-size: 14.3px; font-style: normal; font-weight: 400; letter-spacing: 0.42px;\">evento<\/span><span style=\"font-family: Roboto, sans-serif; font-size: 14.3px; font-style: normal; font-weight: 400; letter-spacing: 0.42px;\">&nbsp;<\/span><span style=\"font-family: Roboto, sans-serif; font-size: 14.3px; font-style: normal; font-weight: 400; letter-spacing: 0.42px;\">Elbaman Triathlon 2024<\/span><\/p><p><span style=\"font-family: Roboto, sans-serif; font-size: 14.3px; font-weight: 400; font-style: normal; margin-bottom: 0px; margin-top: 0px; letter-spacing: 0.42px;\"><span style=\"font-family: Roboto, sans-serif; font-size: 14.3px; font-weight: 400; font-style: normal; letter-spacing: 0.42px; margin-bottom: 0px; margin-top: 0px;\"><span style=\"font-family: Roboto, sans-serif; font-size: 14.3px; font-weight: 400; font-style: normal; letter-spacing: 0.42px;\">2025 &#8211;&nbsp;<\/span><span style=\"font-family: Roboto, sans-serif; font-size: 14.3px; font-weight: 400; font-style: normal; letter-spacing: 0.42px; margin-bottom: 0px; margin-top: 0px;\">Entit\u00e0: 25.000 \u20ac &#8211; Ente erogatore: Comune di Campo nell&#8217;Elba &#8211; Motivo: Copertura costi&nbsp;<\/span><\/span><\/span><span style=\"font-family: Roboto, sans-serif; font-size: 14.3px; font-style: normal; font-weight: 400; letter-spacing: 0.42px;\">evento<\/span><span style=\"font-family: Roboto, sans-serif; font-size: 14.3px; font-style: normal; font-weight: 400; letter-spacing: 0.42px;\">&nbsp;<\/span><span style=\"font-family: Roboto, sans-serif; font-size: 14.3px; font-style: normal; font-weight: 400; letter-spacing: 0.42px;\">Elbaman Triathlon 2025<\/span><\/p>\t\t\t\t\t\t\t\t<\/div>\n\t\t\t\t<\/div>\n\t\t\t\t\t<\/div>\n\t\t<\/div>\n\t\t\t\t\t<\/div>\n\t\t<\/section>\n\t\t\t\t<\/div>\n\t\t","protected":false},"excerpt":{"rendered":"<p>ELBAMAN TEAM Ebaman Team ssdrl \u00e8 una societ\u00e0 affiliata alla F.I.Tri. (Codice societ\u00e4 2354) La societ\u00e0 puo&#8217; rilasciare un tesseramento annuale alla F.I.Tri. per atleti agonisti per le categorie dalla F.I.Tri. stessa riconosciute. Et\u00e0 minima 6 anni (compiuti). Per poter richiedere il tesseramento \u00e8 necessario inviare via email a team AT elbaman&hellip;<\/p>\n","protected":false},"author":1,"featured_media":0,"parent":0,"menu_order":10,"comment_status":"closed","ping_status":"closed","template":"","meta":{"footnotes":""},"class_list":["post-4131","page","type-page","status-publish","hentry"],"yoast_head":"<!-- This site is optimized with the Yoast SEO plugin v26.5 - https:\/\/yoast.com\/wordpress\/plugins\/seo\/ -->\n<title>Elbaman Team - Elbaman - Triathlon Isola d&#039;Elba<\/title>\n<meta name=\"robots\" content=\"index, follow, max-snippet:-1, max-image-preview:large, max-video-preview:-1\" \/>\n<link rel=\"canonical\" href=\"https:\/\/www.elbaman.it\/en\/elbaman-team\/\" \/>\n<meta property=\"og:locale\" content=\"en_US\" \/>\n<meta property=\"og:type\" content=\"article\" \/>\n<meta property=\"og:title\" content=\"Elbaman Team - Elbaman - Triathlon Isola d&#039;Elba\" \/>\n<meta property=\"og:description\" content=\"ELBAMAN TEAM Ebaman Team ssdrl \u00e8 una societ\u00e0 affiliata alla F.I.Tri. (Codice societ\u00e4 2354) La societ\u00e0 puo&#8217; rilasciare un tesseramento annuale alla F.I.Tri. per atleti agonisti per le categorie dalla F.I.Tri. stessa riconosciute. Et\u00e0 minima 6 anni (compiuti). Per poter richiedere il tesseramento \u00e8 necessario inviare via email a team AT elbaman&hellip;\" \/>\n<meta property=\"og:url\" content=\"https:\/\/www.elbaman.it\/en\/elbaman-team\/\" \/>\n<meta property=\"og:site_name\" content=\"Elbaman\" \/>\n<meta property=\"article:modified_time\" content=\"2025-12-10T07:43:10+00:00\" \/>\n<meta property=\"og:image\" content=\"https:\/\/www.elbaman.it\/wp-content\/uploads\/Body_ElbamanTeam_2024.jpg\" \/>\n\t<meta property=\"og:image:width\" content=\"917\" \/>\n\t<meta property=\"og:image:height\" content=\"428\" \/>\n\t<meta property=\"og:image:type\" content=\"image\/jpeg\" \/>\n<meta name=\"twitter:card\" content=\"summary_large_image\" \/>\n<meta name=\"twitter:label1\" content=\"Est. reading time\" \/>\n\t<meta name=\"twitter:data1\" content=\"1 minute\" \/>\n<script type=\"application\/ld+json\" class=\"yoast-schema-graph\">{\"@context\":\"https:\/\/schema.org\",\"@graph\":[{\"@type\":\"WebPage\",\"@id\":\"https:\/\/www.elbaman.it\/en\/elbaman-team\/\",\"url\":\"https:\/\/www.elbaman.it\/en\/elbaman-team\/\",\"name\":\"Elbaman Team - Elbaman - Triathlon Isola d'Elba\",\"isPartOf\":{\"@id\":\"https:\/\/www.elbaman.it\/en\/#website\"},\"primaryImageOfPage\":{\"@id\":\"https:\/\/www.elbaman.it\/en\/elbaman-team\/#primaryimage\"},\"image\":{\"@id\":\"https:\/\/www.elbaman.it\/en\/elbaman-team\/#primaryimage\"},\"thumbnailUrl\":\"https:\/\/www.elbaman.it\/wp-content\/uploads\/Body_ElbamanTeam_2024-768x358.jpg\",\"datePublished\":\"2020-04-20T09:20:38+00:00\",\"dateModified\":\"2025-12-10T07:43:10+00:00\",\"breadcrumb\":{\"@id\":\"https:\/\/www.elbaman.it\/en\/elbaman-team\/#breadcrumb\"},\"inLanguage\":\"en-US\",\"potentialAction\":[{\"@type\":\"ReadAction\",\"target\":[\"https:\/\/www.elbaman.it\/en\/elbaman-team\/\"]}]},{\"@type\":\"ImageObject\",\"inLanguage\":\"en-US\",\"@id\":\"https:\/\/www.elbaman.it\/en\/elbaman-team\/#primaryimage\",\"url\":\"https:\/\/www.elbaman.it\/wp-content\/uploads\/Body_ElbamanTeam_2024-768x358.jpg\",\"contentUrl\":\"https:\/\/www.elbaman.it\/wp-content\/uploads\/Body_ElbamanTeam_2024-768x358.jpg\"},{\"@type\":\"BreadcrumbList\",\"@id\":\"https:\/\/www.elbaman.it\/en\/elbaman-team\/#breadcrumb\",\"itemListElement\":[{\"@type\":\"ListItem\",\"position\":1,\"name\":\"Home\",\"item\":\"https:\/\/www.elbaman.it\/en\/\"},{\"@type\":\"ListItem\",\"position\":2,\"name\":\"Elbaman Team\"}]},{\"@type\":\"WebSite\",\"@id\":\"https:\/\/www.elbaman.it\/en\/#website\",\"url\":\"https:\/\/www.elbaman.it\/en\/\",\"name\":\"Elbaman\",\"description\":\"Triathlon Isola d&#039;Elba\",\"publisher\":{\"@id\":\"https:\/\/www.elbaman.it\/en\/#organization\"},\"potentialAction\":[{\"@type\":\"SearchAction\",\"target\":{\"@type\":\"EntryPoint\",\"urlTemplate\":\"https:\/\/www.elbaman.it\/en\/?s={search_term_string}\"},\"query-input\":{\"@type\":\"PropertyValueSpecification\",\"valueRequired\":true,\"valueName\":\"search_term_string\"}}],\"inLanguage\":\"en-US\"},{\"@type\":\"Organization\",\"@id\":\"https:\/\/www.elbaman.it\/en\/#organization\",\"name\":\"Elbaman\",\"url\":\"https:\/\/www.elbaman.it\/en\/\",\"logo\":{\"@type\":\"ImageObject\",\"inLanguage\":\"en-US\",\"@id\":\"https:\/\/www.elbaman.it\/en\/#\/schema\/logo\/image\/\",\"url\":\"https:\/\/www.elbaman.it\/wp-content\/uploads\/elbaman.png\",\"contentUrl\":\"https:\/\/www.elbaman.it\/wp-content\/uploads\/elbaman.png\",\"width\":225,\"height\":150,\"caption\":\"Elbaman\"},\"image\":{\"@id\":\"https:\/\/www.elbaman.it\/en\/#\/schema\/logo\/image\/\"}}]}<\/script>\n<!-- \/ Yoast SEO plugin. -->","yoast_head_json":{"title":"Elbaman Team - Elbaman - Triathlon Isola d'Elba","robots":{"index":"index","follow":"follow","max-snippet":"max-snippet:-1","max-image-preview":"max-image-preview:large","max-video-preview":"max-video-preview:-1"},"canonical":"https:\/\/www.elbaman.it\/en\/elbaman-team\/","og_locale":"en_US","og_type":"article","og_title":"Elbaman Team - Elbaman - Triathlon Isola d'Elba","og_description":"ELBAMAN TEAM Ebaman Team ssdrl \u00e8 una societ\u00e0 affiliata alla F.I.Tri. (Codice societ\u00e4 2354) La societ\u00e0 puo&#8217; rilasciare un tesseramento annuale alla F.I.Tri. per atleti agonisti per le categorie dalla F.I.Tri. stessa riconosciute. Et\u00e0 minima 6 anni (compiuti). Per poter richiedere il tesseramento \u00e8 necessario inviare via email a team AT elbaman&hellip;","og_url":"https:\/\/www.elbaman.it\/en\/elbaman-team\/","og_site_name":"Elbaman","article_modified_time":"2025-12-10T07:43:10+00:00","og_image":[{"width":917,"height":428,"url":"https:\/\/www.elbaman.it\/wp-content\/uploads\/Body_ElbamanTeam_2024.jpg","type":"image\/jpeg"}],"twitter_card":"summary_large_image","twitter_misc":{"Est. reading time":"1 minute"},"schema":{"@context":"https:\/\/schema.org","@graph":[{"@type":"WebPage","@id":"https:\/\/www.elbaman.it\/en\/elbaman-team\/","url":"https:\/\/www.elbaman.it\/en\/elbaman-team\/","name":"Elbaman Team - Elbaman - Triathlon Isola d'Elba","isPartOf":{"@id":"https:\/\/www.elbaman.it\/en\/#website"},"primaryImageOfPage":{"@id":"https:\/\/www.elbaman.it\/en\/elbaman-team\/#primaryimage"},"image":{"@id":"https:\/\/www.elbaman.it\/en\/elbaman-team\/#primaryimage"},"thumbnailUrl":"https:\/\/www.elbaman.it\/wp-content\/uploads\/Body_ElbamanTeam_2024-768x358.jpg","datePublished":"2020-04-20T09:20:38+00:00","dateModified":"2025-12-10T07:43:10+00:00","breadcrumb":{"@id":"https:\/\/www.elbaman.it\/en\/elbaman-team\/#breadcrumb"},"inLanguage":"en-US","potentialAction":[{"@type":"ReadAction","target":["https:\/\/www.elbaman.it\/en\/elbaman-team\/"]}]},{"@type":"ImageObject","inLanguage":"en-US","@id":"https:\/\/www.elbaman.it\/en\/elbaman-team\/#primaryimage","url":"https:\/\/www.elbaman.it\/wp-content\/uploads\/Body_ElbamanTeam_2024-768x358.jpg","contentUrl":"https:\/\/www.elbaman.it\/wp-content\/uploads\/Body_ElbamanTeam_2024-768x358.jpg"},{"@type":"BreadcrumbList","@id":"https:\/\/www.elbaman.it\/en\/elbaman-team\/#breadcrumb","itemListElement":[{"@type":"ListItem","position":1,"name":"Home","item":"https:\/\/www.elbaman.it\/en\/"},{"@type":"ListItem","position":2,"name":"Elbaman Team"}]},{"@type":"WebSite","@id":"https:\/\/www.elbaman.it\/en\/#website","url":"https:\/\/www.elbaman.it\/en\/","name":"Elbaman","description":"Triathlon Isola d&#039;Elba","publisher":{"@id":"https:\/\/www.elbaman.it\/en\/#organization"},"potentialAction":[{"@type":"SearchAction","target":{"@type":"EntryPoint","urlTemplate":"https:\/\/www.elbaman.it\/en\/?s={search_term_string}"},"query-input":{"@type":"PropertyValueSpecification","valueRequired":true,"valueName":"search_term_string"}}],"inLanguage":"en-US"},{"@type":"Organization","@id":"https:\/\/www.elbaman.it\/en\/#organization","name":"Elbaman","url":"https:\/\/www.elbaman.it\/en\/","logo":{"@type":"ImageObject","inLanguage":"en-US","@id":"https:\/\/www.elbaman.it\/en\/#\/schema\/logo\/image\/","url":"https:\/\/www.elbaman.it\/wp-content\/uploads\/elbaman.png","contentUrl":"https:\/\/www.elbaman.it\/wp-content\/uploads\/elbaman.png","width":225,"height":150,"caption":"Elbaman"},"image":{"@id":"https:\/\/www.elbaman.it\/en\/#\/schema\/logo\/image\/"}}]}},"_links":{"self":[{"href":"https:\/\/www.elbaman.it\/en\/wp-json\/wp\/v2\/pages\/4131","targetHints":{"allow":["GET"]}}],"collection":[{"href":"https:\/\/www.elbaman.it\/en\/wp-json\/wp\/v2\/pages"}],"about":[{"href":"https:\/\/www.elbaman.it\/en\/wp-json\/wp\/v2\/types\/page"}],"author":[{"embeddable":true,"href":"https:\/\/www.elbaman.it\/en\/wp-json\/wp\/v2\/users\/1"}],"replies":[{"embeddable":true,"href":"https:\/\/www.elbaman.it\/en\/wp-json\/wp\/v2\/comments?post=4131"}],"version-history":[{"count":114,"href":"https:\/\/www.elbaman.it\/en\/wp-json\/wp\/v2\/pages\/4131\/revisions"}],"predecessor-version":[{"id":11475,"href":"https:\/\/www.elbaman.it\/en\/wp-json\/wp\/v2\/pages\/4131\/revisions\/11475"}],"wp:attachment":[{"href":"https:\/\/www.elbaman.it\/en\/wp-json\/wp\/v2\/media?parent=4131"}],"curies":[{"name":"wp","href":"https:\/\/api.w.org\/{rel}","templated":true}]}}